{"id":2412,"date":"2021-12-01T23:26:14","date_gmt":"2021-12-01T22:26:14","guid":{"rendered":"http:\/\/new.ottopuntouno.net\/prodotto\/pompa-assiale-cnc-destra-mc-11-11mm-per-freno-anteriore-2\/"},"modified":"2025-12-01T07:49:26","modified_gmt":"2025-12-01T06:49:26","slug":"pompa-assiale-cnc-destra-mc-11-11mm-per-freno-anteriore-2","status":"publish","type":"product","link":"https:\/\/www.ottopuntouno.net\/en\/pompa-assiale-cnc-destra-mc-11-11mm-per-freno-anteriore-2\/","title":{"rendered":"Axial CNC right pump MC-11 \u00d811mm (for front brake)."},"content":{"rendered":"<p>Entirely machined from solid with CNC machinery. \u00d811mm pumping unit suitable for all calipers with 4 opposing pistons or 2 floating pistons up to a maximum of \u00d825mm or calipers with 2 opposing pistons or single floating piston up to a maximum of \u00d836mm. Directly interchangeable with Formula type pumps. Oil connection thread M8x1 for 8mm eyelets and also for 10mm eyelets using the particular 8-10mm bolt available in the accessories list below. It guarantees modular braking even with just two fingers, thanks to the refined leverage it maximizes the force exerted. Particularly suitable for sports use. Made in Italy product. Products intended exclusively for competitions, forbidden to use on the road. We decline any responsibility for improper use.<\/p>\n","protected":false},"excerpt":{"rendered":"<p>Right CNC axial pump MC-11 with pumping element \u00d811mm (for front brake). Aluminum lever with multi-position screw register and tube connection diameter M8x1.<\/p>\n","protected":false},"featured_media":2408,"comment_status":"open","ping_status":"closed","template":"","meta":[],"product_brand":[],"product_cat":[235,60,256],"product_tag":[],"class_list":{"0":"post-2412","1":"product","2":"type-product","3":"status-publish","4":"has-post-thumbnail","6":"product_cat-moto-brake-pumps","7":"product_cat-brake-pumps","8":"product_cat-vespa-brake-pumps","9":"pa_tipologia-pumps","11":"first","12":"instock","13":"taxable","14":"shipping-taxable","15":"purchasable","16":"product-type-simple","17":"add-to-wishlist-after_add_to_cart"},"yoast_head":"<!-- This site is optimized with the Yoast SEO plugin v27.3 - https:\/\/yoast.com\/product\/yoast-seo-wordpress\/ -->\n<title>Axial CNC right pump MC-11 \u00d811mm (for front brake). - Ottopuntouno<\/title>\n<meta name=\"robots\" content=\"index, follow, max-snippet:-1, max-image-preview:large, max-video-preview:-1\" \/>\n<link rel=\"canonical\" href=\"https:\/\/www.ottopuntouno.net\/en\/pompa-assiale-cnc-destra-mc-11-11mm-per-freno-anteriore-2\/\" \/>\n<meta property=\"og:locale\" content=\"en_US\" \/>\n<meta property=\"og:type\" content=\"article\" \/>\n<meta property=\"og:title\" content=\"Axial CNC right pump MC-11 \u00d811mm (for front brake). - Ottopuntouno\" \/>\n<meta property=\"og:description\" content=\"Right CNC axial pump MC-11 with pumping element \u00d811mm (for front brake). Aluminum lever with multi-position screw register and tube connection diameter M8x1.\" \/>\n<meta property=\"og:url\" content=\"https:\/\/www.ottopuntouno.net\/en\/pompa-assiale-cnc-destra-mc-11-11mm-per-freno-anteriore-2\/\" \/>\n<meta property=\"og:site_name\" content=\"Ottopuntouno\" \/>\n<meta property=\"article:publisher\" content=\"https:\/\/www.facebook.com\/ottopuntouno.net\/\" \/>\n<meta property=\"article:modified_time\" content=\"2025-12-01T06:49:26+00:00\" \/>\n<meta property=\"og:image\" content=\"https:\/\/www.ottopuntouno.net\/wp-content\/uploads\/2021\/12\/1884-Pompa-assiale-CNC-destra-MC-11-O11mm-per-freno-anteriore.jpg\" \/>\n\t<meta property=\"og:image:width\" content=\"720\" \/>\n\t<meta property=\"og:image:height\" content=\"720\" \/>\n\t<meta property=\"og:image:type\" content=\"image\/jpeg\" \/>\n<meta name=\"twitter:card\" content=\"summary_large_image\" \/>\n<script type=\"application\/ld+json\" class=\"yoast-schema-graph\">{\"@context\":\"https:\\\/\\\/schema.org\",\"@graph\":[{\"@type\":\"WebPage\",\"@id\":\"https:\\\/\\\/www.ottopuntouno.net\\\/en\\\/pompa-assiale-cnc-destra-mc-11-11mm-per-freno-anteriore-2\\\/\",\"url\":\"https:\\\/\\\/www.ottopuntouno.net\\\/en\\\/pompa-assiale-cnc-destra-mc-11-11mm-per-freno-anteriore-2\\\/\",\"name\":\"Axial CNC right pump MC-11 \u00d811mm (for front brake). - Ottopuntouno\",\"isPartOf\":{\"@id\":\"https:\\\/\\\/www.ottopuntouno.net\\\/#website\"},\"primaryImageOfPage\":{\"@id\":\"https:\\\/\\\/www.ottopuntouno.net\\\/en\\\/pompa-assiale-cnc-destra-mc-11-11mm-per-freno-anteriore-2\\\/#primaryimage\"},\"image\":{\"@id\":\"https:\\\/\\\/www.ottopuntouno.net\\\/en\\\/pompa-assiale-cnc-destra-mc-11-11mm-per-freno-anteriore-2\\\/#primaryimage\"},\"thumbnailUrl\":\"https:\\\/\\\/www.ottopuntouno.net\\\/wp-content\\\/uploads\\\/2021\\\/12\\\/1884-Pompa-assiale-CNC-destra-MC-11-O11mm-per-freno-anteriore.jpg\",\"datePublished\":\"2021-12-01T22:26:14+00:00\",\"dateModified\":\"2025-12-01T06:49:26+00:00\",\"breadcrumb\":{\"@id\":\"https:\\\/\\\/www.ottopuntouno.net\\\/en\\\/pompa-assiale-cnc-destra-mc-11-11mm-per-freno-anteriore-2\\\/#breadcrumb\"},\"inLanguage\":\"en-US\",\"potentialAction\":[{\"@type\":\"ReadAction\",\"target\":[\"https:\\\/\\\/www.ottopuntouno.net\\\/en\\\/pompa-assiale-cnc-destra-mc-11-11mm-per-freno-anteriore-2\\\/\"]}]},{\"@type\":\"ImageObject\",\"inLanguage\":\"en-US\",\"@id\":\"https:\\\/\\\/www.ottopuntouno.net\\\/en\\\/pompa-assiale-cnc-destra-mc-11-11mm-per-freno-anteriore-2\\\/#primaryimage\",\"url\":\"https:\\\/\\\/www.ottopuntouno.net\\\/wp-content\\\/uploads\\\/2021\\\/12\\\/1884-Pompa-assiale-CNC-destra-MC-11-O11mm-per-freno-anteriore.jpg\",\"contentUrl\":\"https:\\\/\\\/www.ottopuntouno.net\\\/wp-content\\\/uploads\\\/2021\\\/12\\\/1884-Pompa-assiale-CNC-destra-MC-11-O11mm-per-freno-anteriore.jpg\",\"width\":720,\"height\":720},{\"@type\":\"BreadcrumbList\",\"@id\":\"https:\\\/\\\/www.ottopuntouno.net\\\/en\\\/pompa-assiale-cnc-destra-mc-11-11mm-per-freno-anteriore-2\\\/#breadcrumb\",\"itemListElement\":[{\"@type\":\"ListItem\",\"position\":1,\"name\":\"Home\",\"item\":\"https:\\\/\\\/www.ottopuntouno.net\\\/en\\\/\"},{\"@type\":\"ListItem\",\"position\":2,\"name\":\"Shop\",\"item\":\"https:\\\/\\\/www.ottopuntouno.net\\\/en\\\/shop\\\/\"},{\"@type\":\"ListItem\",\"position\":3,\"name\":\"Freni scooter\",\"item\":\"https:\\\/\\\/www.ottopuntouno.net\\\/freni-moto-scooter-componenti-piaggio-minarelli\\\/\"},{\"@type\":\"ListItem\",\"position\":4,\"name\":\"Pompe freno scooter\",\"item\":\"https:\\\/\\\/www.ottopuntouno.net\\\/pompe-freno-moto-scooter\\\/\"},{\"@type\":\"ListItem\",\"position\":5,\"name\":\"Axial CNC right pump MC-11 \u00d811mm (for front brake).\"}]},{\"@type\":\"WebSite\",\"@id\":\"https:\\\/\\\/www.ottopuntouno.net\\\/#website\",\"url\":\"https:\\\/\\\/www.ottopuntouno.net\\\/\",\"name\":\"Ottopuntouno\",\"description\":\"Design and production of motorcycle parts\",\"publisher\":{\"@id\":\"https:\\\/\\\/www.ottopuntouno.net\\\/#organization\"},\"potentialAction\":[{\"@type\":\"SearchAction\",\"target\":{\"@type\":\"EntryPoint\",\"urlTemplate\":\"https:\\\/\\\/www.ottopuntouno.net\\\/?s={search_term_string}\"},\"query-input\":{\"@type\":\"PropertyValueSpecification\",\"valueRequired\":true,\"valueName\":\"search_term_string\"}}],\"inLanguage\":\"en-US\"},{\"@type\":\"Organization\",\"@id\":\"https:\\\/\\\/www.ottopuntouno.net\\\/#organization\",\"name\":\"Ottopuntouno s.r.l.\",\"url\":\"https:\\\/\\\/www.ottopuntouno.net\\\/\",\"logo\":{\"@type\":\"ImageObject\",\"inLanguage\":\"en-US\",\"@id\":\"https:\\\/\\\/www.ottopuntouno.net\\\/#\\\/schema\\\/logo\\\/image\\\/\",\"url\":\"https:\\\/\\\/www.ottopuntouno.net\\\/wp-content\\\/uploads\\\/2024\\\/05\\\/logo-ottopuntouno.png\",\"contentUrl\":\"https:\\\/\\\/www.ottopuntouno.net\\\/wp-content\\\/uploads\\\/2024\\\/05\\\/logo-ottopuntouno.png\",\"width\":710,\"height\":110,\"caption\":\"Ottopuntouno s.r.l.\"},\"image\":{\"@id\":\"https:\\\/\\\/www.ottopuntouno.net\\\/#\\\/schema\\\/logo\\\/image\\\/\"},\"sameAs\":[\"https:\\\/\\\/www.facebook.com\\\/ottopuntouno.net\\\/\",\"https:\\\/\\\/www.instagram.com\\\/ottopuntouno_racing_parts\\\/\"]}]}<\/script>\n<!-- \/ Yoast SEO plugin. -->","yoast_head_json":{"title":"Axial CNC right pump MC-11 \u00d811mm (for front brake). - Ottopuntouno","robots":{"index":"index","follow":"follow","max-snippet":"max-snippet:-1","max-image-preview":"max-image-preview:large","max-video-preview":"max-video-preview:-1"},"canonical":"https:\/\/www.ottopuntouno.net\/en\/pompa-assiale-cnc-destra-mc-11-11mm-per-freno-anteriore-2\/","og_locale":"en_US","og_type":"article","og_title":"Axial CNC right pump MC-11 \u00d811mm (for front brake). - Ottopuntouno","og_description":"Right CNC axial pump MC-11 with pumping element \u00d811mm (for front brake). Aluminum lever with multi-position screw register and tube connection diameter M8x1.","og_url":"https:\/\/www.ottopuntouno.net\/en\/pompa-assiale-cnc-destra-mc-11-11mm-per-freno-anteriore-2\/","og_site_name":"Ottopuntouno","article_publisher":"https:\/\/www.facebook.com\/ottopuntouno.net\/","article_modified_time":"2025-12-01T06:49:26+00:00","og_image":[{"width":720,"height":720,"url":"https:\/\/www.ottopuntouno.net\/wp-content\/uploads\/2021\/12\/1884-Pompa-assiale-CNC-destra-MC-11-O11mm-per-freno-anteriore.jpg","type":"image\/jpeg"}],"twitter_card":"summary_large_image","schema":{"@context":"https:\/\/schema.org","@graph":[{"@type":"WebPage","@id":"https:\/\/www.ottopuntouno.net\/en\/pompa-assiale-cnc-destra-mc-11-11mm-per-freno-anteriore-2\/","url":"https:\/\/www.ottopuntouno.net\/en\/pompa-assiale-cnc-destra-mc-11-11mm-per-freno-anteriore-2\/","name":"Axial CNC right pump MC-11 \u00d811mm (for front brake). - Ottopuntouno","isPartOf":{"@id":"https:\/\/www.ottopuntouno.net\/#website"},"primaryImageOfPage":{"@id":"https:\/\/www.ottopuntouno.net\/en\/pompa-assiale-cnc-destra-mc-11-11mm-per-freno-anteriore-2\/#primaryimage"},"image":{"@id":"https:\/\/www.ottopuntouno.net\/en\/pompa-assiale-cnc-destra-mc-11-11mm-per-freno-anteriore-2\/#primaryimage"},"thumbnailUrl":"https:\/\/www.ottopuntouno.net\/wp-content\/uploads\/2021\/12\/1884-Pompa-assiale-CNC-destra-MC-11-O11mm-per-freno-anteriore.jpg","datePublished":"2021-12-01T22:26:14+00:00","dateModified":"2025-12-01T06:49:26+00:00","breadcrumb":{"@id":"https:\/\/www.ottopuntouno.net\/en\/pompa-assiale-cnc-destra-mc-11-11mm-per-freno-anteriore-2\/#breadcrumb"},"inLanguage":"en-US","potentialAction":[{"@type":"ReadAction","target":["https:\/\/www.ottopuntouno.net\/en\/pompa-assiale-cnc-destra-mc-11-11mm-per-freno-anteriore-2\/"]}]},{"@type":"ImageObject","inLanguage":"en-US","@id":"https:\/\/www.ottopuntouno.net\/en\/pompa-assiale-cnc-destra-mc-11-11mm-per-freno-anteriore-2\/#primaryimage","url":"https:\/\/www.ottopuntouno.net\/wp-content\/uploads\/2021\/12\/1884-Pompa-assiale-CNC-destra-MC-11-O11mm-per-freno-anteriore.jpg","contentUrl":"https:\/\/www.ottopuntouno.net\/wp-content\/uploads\/2021\/12\/1884-Pompa-assiale-CNC-destra-MC-11-O11mm-per-freno-anteriore.jpg","width":720,"height":720},{"@type":"BreadcrumbList","@id":"https:\/\/www.ottopuntouno.net\/en\/pompa-assiale-cnc-destra-mc-11-11mm-per-freno-anteriore-2\/#breadcrumb","itemListElement":[{"@type":"ListItem","position":1,"name":"Home","item":"https:\/\/www.ottopuntouno.net\/en\/"},{"@type":"ListItem","position":2,"name":"Shop","item":"https:\/\/www.ottopuntouno.net\/en\/shop\/"},{"@type":"ListItem","position":3,"name":"Freni scooter","item":"https:\/\/www.ottopuntouno.net\/freni-moto-scooter-componenti-piaggio-minarelli\/"},{"@type":"ListItem","position":4,"name":"Pompe freno scooter","item":"https:\/\/www.ottopuntouno.net\/pompe-freno-moto-scooter\/"},{"@type":"ListItem","position":5,"name":"Axial CNC right pump MC-11 \u00d811mm (for front brake)."}]},{"@type":"WebSite","@id":"https:\/\/www.ottopuntouno.net\/#website","url":"https:\/\/www.ottopuntouno.net\/","name":"Ottopuntouno","description":"Design and production of motorcycle parts","publisher":{"@id":"https:\/\/www.ottopuntouno.net\/#organization"},"potentialAction":[{"@type":"SearchAction","target":{"@type":"EntryPoint","urlTemplate":"https:\/\/www.ottopuntouno.net\/?s={search_term_string}"},"query-input":{"@type":"PropertyValueSpecification","valueRequired":true,"valueName":"search_term_string"}}],"inLanguage":"en-US"},{"@type":"Organization","@id":"https:\/\/www.ottopuntouno.net\/#organization","name":"Ottopuntouno s.r.l.","url":"https:\/\/www.ottopuntouno.net\/","logo":{"@type":"ImageObject","inLanguage":"en-US","@id":"https:\/\/www.ottopuntouno.net\/#\/schema\/logo\/image\/","url":"https:\/\/www.ottopuntouno.net\/wp-content\/uploads\/2024\/05\/logo-ottopuntouno.png","contentUrl":"https:\/\/www.ottopuntouno.net\/wp-content\/uploads\/2024\/05\/logo-ottopuntouno.png","width":710,"height":110,"caption":"Ottopuntouno s.r.l."},"image":{"@id":"https:\/\/www.ottopuntouno.net\/#\/schema\/logo\/image\/"},"sameAs":["https:\/\/www.facebook.com\/ottopuntouno.net\/","https:\/\/www.instagram.com\/ottopuntouno_racing_parts\/"]}]}},"_links":{"self":[{"href":"https:\/\/www.ottopuntouno.net\/en\/wp-json\/wp\/v2\/product\/2412","targetHints":{"allow":["GET"]}}],"collection":[{"href":"https:\/\/www.ottopuntouno.net\/en\/wp-json\/wp\/v2\/product"}],"about":[{"href":"https:\/\/www.ottopuntouno.net\/en\/wp-json\/wp\/v2\/types\/product"}],"replies":[{"embeddable":true,"href":"https:\/\/www.ottopuntouno.net\/en\/wp-json\/wp\/v2\/comments?post=2412"}],"wp:featuredmedia":[{"embeddable":true,"href":"https:\/\/www.ottopuntouno.net\/en\/wp-json\/wp\/v2\/media\/2408"}],"wp:attachment":[{"href":"https:\/\/www.ottopuntouno.net\/en\/wp-json\/wp\/v2\/media?parent=2412"}],"wp:term":[{"taxonomy":"product_brand","embeddable":true,"href":"https:\/\/www.ottopuntouno.net\/en\/wp-json\/wp\/v2\/product_brand?post=2412"},{"taxonomy":"product_cat","embeddable":true,"href":"https:\/\/www.ottopuntouno.net\/en\/wp-json\/wp\/v2\/product_cat?post=2412"},{"taxonomy":"product_tag","embeddable":true,"href":"https:\/\/www.ottopuntouno.net\/en\/wp-json\/wp\/v2\/product_tag?post=2412"}],"curies":[{"name":"wp","href":"https:\/\/api.w.org\/{rel}","templated":true}]}}